{"id":159,"date":"2020-07-22T09:42:27","date_gmt":"2020-07-22T09:42:27","guid":{"rendered":"http:\/\/obour.themezinho.net\/?page_id=159"},"modified":"2020-07-22T09:42:27","modified_gmt":"2020-07-22T09:42:27","slug":"about","status":"publish","type":"page","link":"https:\/\/techyatrasolutions.com\/index.php\/about\/","title":{"rendered":"About"},"content":{"rendered":"<div class=\"wpb-content-wrapper\"><p>[vc_row content_placement=&#8221;middle&#8221; section_ratio=&#8221;0.8&#8243; use_container=&#8221;yes&#8221; section_background_image=&#8221;281&#8243;][vc_column offset=&#8221;vc_col-md-6&#8243;][ts_image_box image=&#8221;162&#8243; title=&#8221;Image&#8221;][\/vc_column][vc_column offset=&#8221;vc_col-md-6&#8243;][ts_side_content title=&#8221;The top international digital agency.&#8221; description=&#8221;A creative digital agency with a diversely creative team, working together to craft out-of-the-box designs for you. We are a full service creative agency that simply believes in making digital success stories. We specialize in Custom Logo Designing,&#8221; icon=&#8221;165&#8243; name=&#8221;&#8221; jobtitle=&#8221;&#8221; tagline=&#8221;DISCOVER US&#8221;][\/vc_column][\/vc_row][vc_row content_placement=&#8221;middle&#8221; motts_theme_padding=&#8221;no&#8221; use_container=&#8221;yes&#8221; el_class=&#8221;justify-center&#8221; css=&#8221;.vc_custom_1595411828019{margin-top: -50px !important;margin-bottom: 100px !important;}&#8221;][vc_column offset=&#8221;vc_col-lg-3 vc_col-md-4&#8243;][ts_counter_box image=&#8221;66&#8243; value=&#8221;57&#8243; symbol=&#8221;+&#8221; description=&#8221;We work per week&#8221;][\/vc_column][vc_column offset=&#8221;vc_col-lg-3 vc_col-md-4&#8243;][ts_counter_box image=&#8221;67&#8243; value=&#8221;30&#8243; symbol=&#8221;k&#8221; description=&#8221;Keywords updated&#8221;][\/vc_column][vc_column offset=&#8221;vc_col-lg-3 vc_col-md-4&#8243;][ts_counter_box image=&#8221;68&#8243; value=&#8221;62&#8243; symbol=&#8221;+&#8221; description=&#8221;Indexed for Google&#8221;][\/vc_column][\/vc_row][vc_row section_background_color=&#8221;#f3f6fa&#8221; use_container=&#8221;yes&#8221;][vc_column][vc_row_inner][vc_column_inner][ts_section_title tagline=&#8221;OBOUR HIGHLIGHTS&#8221; title=&#8221;A leading marketting UK company &#8211; providing one stop solution.&#8221;][\/vc_column_inner][\/vc_row_inner][vc_row_inner][vc_column_inner width=&#8221;1\/2&#8243; offset=&#8221;vc_col-md-4&#8243;][ts_icon_box icon=&#8221;32&#8243; title=&#8221;SEARCH ENGINE OPTIMIZATION&#8221; description=&#8221;Get more website traffic, more customers, and more online visibility with powerful and precise SEO services.&#8221;][\/vc_column_inner][vc_column_inner width=&#8221;1\/2&#8243; offset=&#8221;vc_col-md-4&#8243;][ts_icon_box icon=&#8221;33&#8243; title=&#8221;PAY PER CLICK ADVERTISING&#8221; description=&#8221;Target your ideal search phrases and get found at the top of more online visibility with Google\u2019s search results.&#8221;][\/vc_column_inner][vc_column_inner width=&#8221;1\/2&#8243; offset=&#8221;vc_col-md-4&#8243;][ts_icon_box icon=&#8221;34&#8243; title=&#8221;DIGITAL BRANDING&#8221; description=&#8221;Turn your casual visitors into paying customers. Better yet turn top of more online visibility with them into brand advocates.&#8221;][\/vc_column_inner][vc_column_inner width=&#8221;1\/2&#8243; offset=&#8221;vc_col-md-4&#8243;][ts_icon_box icon=&#8221;35&#8243; title=&#8221;CONTENT MARKETING&#8221; description=&#8221;Create, publish, and promote engaging content to generate more traffic and build a dedicated community.&#8221;][\/vc_column_inner][vc_column_inner width=&#8221;1\/2&#8243; offset=&#8221;vc_col-md-4&#8243;][ts_icon_box icon=&#8221;36&#8243; title=&#8221;SOCIAL MEDIA MARKETING&#8221; description=&#8221;Create and manage top-performing social campaigns and start developing a dedicated customer fan base.&#8221;][\/vc_column_inner][vc_column_inner width=&#8221;1\/2&#8243; offset=&#8221;vc_col-md-4&#8243;][ts_icon_box icon=&#8221;37&#8243; title=&#8221;CONVERSION OPTIMIZATION&#8221; description=&#8221;Your brand is a powerful marketing tool that can drive sales and ensure that customers always think of you first.&#8221;][\/vc_column_inner][\/vc_row_inner][\/vc_column][\/vc_row][vc_row section_ratio=&#8221;0.8&#8243; use_container=&#8221;yes&#8221; section_background_image=&#8221;282&#8243;][vc_column][vc_row_inner][vc_column_inner][ts_section_title tagline=&#8221;TEAM PLAYERS&#8221; title=&#8221;We\u2019re a bright young bunch peoples assigned a project&#8221;][\/vc_column_inner][\/vc_row_inner][vc_row_inner][vc_column_inner width=&#8221;1\/2&#8243; offset=&#8221;vc_col-md-3&#8243;][ts_team_member member=&#8221;185&#8243; member_name=&#8221;Gon\u00e7alo Assun\u00e7\u00e3o&#8221; title=&#8221;Senior Marketing Manager&#8221; phone=&#8221;&#8221; details=&#8221;%5B%7B%22social_icon%22%3A%22%3Ci%20class%3D%5C%22lni%20lni-facebook-filled%5C%22%3E%3C%2Fi%3E%22%2C%22social_url%22%3A%22%23%22%7D%2C%7B%22social_icon%22%3A%22%3Ci%20class%3D%5C%22lni%20lni-twitter-original%5C%22%3E%3C%2Fi%3E%22%2C%22social_url%22%3A%22%23%22%7D%2C%7B%22social_icon%22%3A%22%3Ci%20class%3D%5C%22lni%20lni-instagram-original%5C%22%3E%3C%2Fi%3E%22%2C%22social_url%22%3A%22%23%22%7D%2C%7B%22social_icon%22%3A%22%3Ci%20class%3D%5C%22lni%20lni-linkedin-original%5C%22%3E%3C%2Fi%3E%22%2C%22social_url%22%3A%22%23%22%7D%2C%7B%22social_icon%22%3A%22%3Ci%20class%3D%5C%22lni%20lni-youtube%5C%22%3E%3C%2Fi%3E%22%2C%22social_url%22%3A%22%23%22%7D%5D&#8221;][\/vc_column_inner][vc_column_inner width=&#8221;1\/2&#8243; offset=&#8221;vc_col-md-3&#8243;][ts_team_member member=&#8221;186&#8243; member_name=&#8221;Mark Edinsburg&#8221; title=&#8221;Senior Developer&#8221; phone=&#8221;&#8221; details=&#8221;%5B%7B%22social_icon%22%3A%22%3Ci%20class%3D%5C%22lni%20lni-facebook-filled%5C%22%3E%3C%2Fi%3E%22%2C%22social_url%22%3A%22%23%22%7D%2C%7B%22social_icon%22%3A%22%3Ci%20class%3D%5C%22lni%20lni-twitter-original%5C%22%3E%3C%2Fi%3E%22%2C%22social_url%22%3A%22%23%22%7D%2C%7B%22social_icon%22%3A%22%3Ci%20class%3D%5C%22lni%20lni-instagram-original%5C%22%3E%3C%2Fi%3E%22%2C%22social_url%22%3A%22%23%22%7D%2C%7B%22social_icon%22%3A%22%3Ci%20class%3D%5C%22lni%20lni-linkedin-original%5C%22%3E%3C%2Fi%3E%22%2C%22social_url%22%3A%22%23%22%7D%2C%7B%22social_icon%22%3A%22%3Ci%20class%3D%5C%22lni%20lni-youtube%5C%22%3E%3C%2Fi%3E%22%2C%22social_url%22%3A%22%23%22%7D%5D&#8221;][\/vc_column_inner][vc_column_inner width=&#8221;1\/2&#8243; offset=&#8221;vc_col-md-3&#8243;][ts_team_member member=&#8221;187&#8243; member_name=&#8221;Jack Nielson&#8221; title=&#8221;Account Manager&#8221; phone=&#8221;&#8221; details=&#8221;%5B%7B%22social_icon%22%3A%22%3Ci%20class%3D%5C%22lni%20lni-facebook-filled%5C%22%3E%3C%2Fi%3E%22%2C%22social_url%22%3A%22%23%22%7D%2C%7B%22social_icon%22%3A%22%3Ci%20class%3D%5C%22lni%20lni-twitter-original%5C%22%3E%3C%2Fi%3E%22%2C%22social_url%22%3A%22%23%22%7D%2C%7B%22social_icon%22%3A%22%3Ci%20class%3D%5C%22lni%20lni-instagram-original%5C%22%3E%3C%2Fi%3E%22%2C%22social_url%22%3A%22%23%22%7D%2C%7B%22social_icon%22%3A%22%3Ci%20class%3D%5C%22lni%20lni-linkedin-original%5C%22%3E%3C%2Fi%3E%22%2C%22social_url%22%3A%22%23%22%7D%2C%7B%22social_icon%22%3A%22%3Ci%20class%3D%5C%22lni%20lni-youtube%5C%22%3E%3C%2Fi%3E%22%2C%22social_url%22%3A%22%23%22%7D%5D&#8221;][\/vc_column_inner][vc_column_inner width=&#8221;1\/2&#8243; offset=&#8221;vc_col-md-3&#8243;][ts_team_member member=&#8221;188&#8243; member_name=&#8221;Nick Pierson&#8221; title=&#8221;SEO Specialist&#8221; phone=&#8221;&#8221; details=&#8221;%5B%7B%22social_icon%22%3A%22%3Ci%20class%3D%5C%22lni%20lni-facebook-filled%5C%22%3E%3C%2Fi%3E%22%2C%22social_url%22%3A%22%23%22%7D%2C%7B%22social_icon%22%3A%22%3Ci%20class%3D%5C%22lni%20lni-twitter-original%5C%22%3E%3C%2Fi%3E%22%2C%22social_url%22%3A%22%23%22%7D%2C%7B%22social_icon%22%3A%22%3Ci%20class%3D%5C%22lni%20lni-instagram-original%5C%22%3E%3C%2Fi%3E%22%2C%22social_url%22%3A%22%23%22%7D%2C%7B%22social_icon%22%3A%22%3Ci%20class%3D%5C%22lni%20lni-linkedin-original%5C%22%3E%3C%2Fi%3E%22%2C%22social_url%22%3A%22%23%22%7D%2C%7B%22social_icon%22%3A%22%3Ci%20class%3D%5C%22lni%20lni-youtube%5C%22%3E%3C%2Fi%3E%22%2C%22social_url%22%3A%22%23%22%7D%5D&#8221;][\/vc_column_inner][\/vc_row_inner][\/vc_column][\/vc_row][vc_row section_background_color=&#8221;#5513a0&#8243; use_container=&#8221;yes&#8221;][vc_column][vc_row_inner][vc_column_inner][ts_section_title color=&#8221;light&#8221; tagline=&#8221;HOW WE DO IT&#8221; title=&#8221;Steps to Build a Successful Digital Product&#8221;][\/vc_column_inner][\/vc_row_inner][vc_row_inner][vc_column_inner][ts_steps_slider details=&#8221;%5B%7B%22image%22%3A%22193%22%2C%22value%22%3A%2201%22%2C%22title%22%3A%22Project%20%3Cbr%3EResearching%22%2C%22description%22%3A%22Custom%20logo%20designing%20that%20understand%20your%20goals%20and%20direct%20you%20towards%20them%20through%20a%20visually%20appealing%20custom%20logo%20design%22%7D%2C%7B%22image%22%3A%22194%22%2C%22value%22%3A%2202%22%2C%22title%22%3A%22Advertising%20%26amp%3B%3Cbr%3EMarketing%22%2C%22description%22%3A%22Custom%20logo%20designing%20that%20understand%20your%20goals%20and%20direct%20you%20towards%20them%20through%20a%20visually%20appealing%20custom%20logo%20design%22%7D%2C%7B%22image%22%3A%22195%22%2C%22value%22%3A%2203%22%2C%22title%22%3A%22Developement%20%26amp%3B%3Cbr%3ETesting%22%2C%22description%22%3A%22Custom%20logo%20designing%20that%20understand%20your%20goals%20and%20direct%20you%20towards%20them%20through%20a%20visually%20appealing%20custom%20logo%20design%22%7D%5D&#8221;][\/vc_column_inner][\/vc_row_inner][\/vc_column][\/vc_row][vc_row content_placement=&#8221;middle&#8221; use_container=&#8221;yes&#8221;][vc_column width=&#8221;1\/2&#8243;][ts_accordion details=&#8221;%5B%7B%22title%22%3A%22Dedication%20to%20client%20satisfaction%20%22%2C%22description%22%3A%22Anim%20pariatur%20cliche%20reprehenderit%2C%20enim%20eiusmod%20high%20life%20accusamus%20terry%20richardson%20ad%20squid.%203%20wolf%20moon%20officia%20aute%2C%20non%20cupidatat%20skateboard%20dolor%20brunch.%20Food%20truck%20quinoa%20nesciunt%20laborum%20eiusmod.%20%22%7D%2C%7B%22title%22%3A%22%20Where%20can%20I%20find%20credit%20and%20bond%20ratings%20for%20a%20particular%20company%3F%20%22%2C%22description%22%3A%22Anim%20pariatur%20cliche%20reprehenderit%2C%20enim%20eiusmod%20high%20life%20accusamus%20terry%20richardson%20ad%20squid.%203%20wolf%20moon%20officia%20aute%2C%20non%20cupidatat%20skateboard%20dolor%20brunch.%20Food%20truck%20quinoa%20nesciunt%20laborum%20eiusmod.%20Brunch%203%20wolf%20moon%20tempor%2C%20sunt%20aliqua%20put%20a%20bird%20on%20it%20squid%20single-origin%20coffee%20nulla%20assumenda%20shoreditch%20et.%22%7D%2C%7B%22title%22%3A%22%20Where%20can%20I%20get%20access%20to%20Custom%20properties%3F%20%22%2C%22description%22%3A%22%20Nihil%20anim%20keffiyeh%20helvetica%2C%20craft%20beer%20labore%20wes%20anderson%20cred%20nesciunt%20sapiente%20ea%20proident.%20Ad%20vegan%20excepteur%20butcher%20vice%20lomo.%20Leggings%20occaecat%20craft%20beer%20farm-to-table%2C%20raw%20denim%20aesthetic%20synth%20nesciunt%20you%20probably%20haven&#8217;t%20heard%20of%20them%20accusamus%20labore%20sustainable%20VHS.%22%7D%2C%7B%22title%22%3A%22%20Where%20can%20I%20find%20the%20Wall%20Street%20Journal%20-%20today&#8217;s%20and%20historical%20%22%2C%22description%22%3A%22%20%20Ad%20vegan%20excepteur%20butcher%20vice%20lomo.%20Leggings%20occaecat%20craft%20beer%20farm-to-table%2C%20raw%20denim%20aesthetic%20synth%20nesciunt%20you%20probably%20haven&#8217;t%20heard%20of%20them%20accusamus%20labore%20sustainable%20VHS.%20%22%7D%5D&#8221;][\/vc_column][vc_column width=&#8221;1\/2&#8243;][ts_image_box image=&#8221;162&#8243; title=&#8221;Image&#8221;][\/vc_column][\/vc_row][vc_row motts_theme_padding=&#8221;no&#8221; css=&#8221;.vc_custom_1595579909763{margin-right: 0px !important;margin-left: 0px !important;}&#8221;][vc_column css=&#8221;.vc_custom_1595579915220{padding-right: 0px !important;padding-left: 0px !important;}&#8221;][ts_office_slider details=&#8221;%5B%7B%22image%22%3A%22205%22%2C%22title%22%3A%22Image%22%7D%2C%7B%22image%22%3A%22206%22%2C%22title%22%3A%22Image%22%7D%2C%7B%22image%22%3A%22205%22%2C%22title%22%3A%22Image%22%7D%5D&#8221;][\/vc_column][\/vc_row][vc_row use_container=&#8221;yes&#8221;][vc_column width=&#8221;1\/3&#8243; offset=&#8221;vc_col-md-2 vc_col-xs-6&#8243;][ts_logo_item image=&#8221;111&#8243; alt_tag=&#8221;Image&#8221;][\/vc_column][vc_column width=&#8221;1\/3&#8243; offset=&#8221;vc_col-md-2 vc_col-xs-6&#8243;][ts_logo_item image=&#8221;112&#8243; alt_tag=&#8221;Image&#8221;][\/vc_column][vc_column width=&#8221;1\/3&#8243; offset=&#8221;vc_col-md-2 vc_col-xs-6&#8243;][ts_logo_item image=&#8221;113&#8243; alt_tag=&#8221;Image&#8221;][\/vc_column][vc_column width=&#8221;1\/3&#8243; offset=&#8221;vc_col-md-2 vc_col-xs-6&#8243;][ts_logo_item image=&#8221;115&#8243; alt_tag=&#8221;Image&#8221;][\/vc_column][vc_column width=&#8221;1\/3&#8243; offset=&#8221;vc_col-md-2 vc_col-xs-6&#8243;][ts_logo_item image=&#8221;114&#8243; alt_tag=&#8221;Image&#8221;][\/vc_column][vc_column width=&#8221;1\/3&#8243; offset=&#8221;vc_col-md-2 vc_col-xs-6&#8243;][ts_logo_item image=&#8221;116&#8243; alt_tag=&#8221;Image&#8221;][\/vc_column][\/vc_row]<\/p>\n<\/div>","protected":false},"excerpt":{"rendered":"<p>[vc_row content_placement=&#8221;middle&#8221; section_ratio=&#8221;0.8&#8243; use_container=&#8221;yes&#8221; section_background_image=&#8221;281&#8243;][vc_column offset=&#8221;vc_col-md-6&#8243;][ts_image_box image=&#8221;162&#8243; title=&#8221;Image&#8221;][\/vc_column][vc_column offset=&#8221;vc_col-md-6&#8243;][ts_side_content title=&#8221;The top international digital agency.&#8221; description=&#8221;A creative digital agency with a diversely creative team, working together to craft out-of-the-box designs for you. We are a full service creative agency that simply believes in making digital success stories. We specialize in Custom Logo Designing,&#8221; icon=&#8221;165&#8243; name=&#8221;&#8221; jobtitle=&#8221;&#8221; [&hellip;]<\/p>\n","protected":false},"author":1,"featured_media":0,"parent":0,"menu_order":0,"comment_status":"closed","ping_status":"closed","template":"page-builder.php","meta":{"footnotes":""},"class_list":["post-159","page","type-page","status-publish","hentry"],"acf":[],"_links":{"self":[{"href":"https:\/\/techyatrasolutions.com\/index.php\/wp-json\/wp\/v2\/pages\/159","targetHints":{"allow":["GET"]}}],"collection":[{"href":"https:\/\/techyatrasolutions.com\/index.php\/wp-json\/wp\/v2\/pages"}],"about":[{"href":"https:\/\/techyatrasolutions.com\/index.php\/wp-json\/wp\/v2\/types\/page"}],"author":[{"embeddable":true,"href":"https:\/\/techyatrasolutions.com\/index.php\/wp-json\/wp\/v2\/users\/1"}],"replies":[{"embeddable":true,"href":"https:\/\/techyatrasolutions.com\/index.php\/wp-json\/wp\/v2\/comments?post=159"}],"version-history":[{"count":0,"href":"https:\/\/techyatrasolutions.com\/index.php\/wp-json\/wp\/v2\/pages\/159\/revisions"}],"wp:attachment":[{"href":"https:\/\/techyatrasolutions.com\/index.php\/wp-json\/wp\/v2\/media?parent=159"}],"curies":[{"name":"wp","href":"https:\/\/api.w.org\/{rel}","templated":true}]}}